{"id":1849,"date":"2023-11-16T19:58:46","date_gmt":"2023-11-16T19:58:46","guid":{"rendered":"https:\/\/handyman.vgconstructora.com.mx\/?page_id=1849"},"modified":"2023-11-17T19:36:11","modified_gmt":"2023-11-17T19:36:11","slug":"constructora","status":"publish","type":"page","link":"https:\/\/handyman.vgconstructora.com.mx\/es\/constructora","title":{"rendered":"VG CONSTRUCTORA"},"content":{"rendered":"<div data-elementor-type=\"wp-page\" data-elementor-id=\"1849\" class=\"elementor elementor-1849\">\n\t\t\t\t\t\t\t\t\t<section class=\"elementor-section elementor-top-section elementor-element elementor-element-8ce6720 elementor-section-boxed elementor-section-height-default elementor-section-height-default\" data-id=\"8ce6720\" data-element_type=\"section\" data-settings=\"{&quot;background_background&quot;:&quot;classic&quot;}\">\n\t\t\t\t\t\t\t<div class=\"elementor-background-overlay\"><\/div>\n\t\t\t\t\t\t\t<div class=\"elementor-container elementor-column-gap-no\">\n\t\t\t\t\t<div class=\"elementor-column elementor-col-50 elementor-top-column elementor-element elementor-element-b341cfa\" data-id=\"b341cfa\" data-element_type=\"column\">\n\t\t\t<div class=\"elementor-widget-wrap elementor-element-populated\">\n\t\t\t\t\t\t\t\t<div class=\"elementor-element elementor-element-6056509 elementor-vertical-align-top elementor-invisible elementor-widget elementor-widget-image-box\" data-id=\"6056509\" data-element_type=\"widget\" data-settings=\"{&quot;_animation&quot;:&quot;fadeInDown&quot;}\" data-widget_type=\"image-box.default\">\n\t\t\t\t<div class=\"elementor-widget-container\">\n\t\t\t<style>\/*! elementor - v3.16.0 - 17-10-2023 *\/\n.elementor-widget-image-box .elementor-image-box-content{width:100%}@media (min-width:768px){.elementor-widget-image-box.elementor-position-left .elementor-image-box-wrapper,.elementor-widget-image-box.elementor-position-right .elementor-image-box-wrapper{display:flex}.elementor-widget-image-box.elementor-position-right .elementor-image-box-wrapper{text-align:right;flex-direction:row-reverse}.elementor-widget-image-box.elementor-position-left .elementor-image-box-wrapper{text-align:left;flex-direction:row}.elementor-widget-image-box.elementor-position-top .elementor-image-box-img{margin:auto}.elementor-widget-image-box.elementor-vertical-align-top .elementor-image-box-wrapper{align-items:flex-start}.elementor-widget-image-box.elementor-vertical-align-middle .elementor-image-box-wrapper{align-items:center}.elementor-widget-image-box.elementor-vertical-align-bottom .elementor-image-box-wrapper{align-items:flex-end}}@media (max-width:767px){.elementor-widget-image-box .elementor-image-box-img{margin-left:auto!important;margin-right:auto!important;margin-bottom:15px}}.elementor-widget-image-box .elementor-image-box-img{display:inline-block}.elementor-widget-image-box .elementor-image-box-title a{color:inherit}.elementor-widget-image-box .elementor-image-box-wrapper{text-align:center}.elementor-widget-image-box .elementor-image-box-description{margin:0}<\/style><div class=\"elementor-image-box-wrapper\"><div class=\"elementor-image-box-content\"><h1 class=\"elementor-image-box-title\">VG CONSTRUCTORA<\/h1><p class=\"elementor-image-box-description\">\"Bienvenido a los mejores servicios de construcci\u00f3n en Los Cabos, donde la excelencia, la confiabilidad y la experiencia personalizada convergen para mejorar sus espacios habitables. Nuestros profesionales capacitados est\u00e1n preparados para abordar una variedad de tareas, desde reparaciones esenciales hasta proyectos de construcci\u00f3n transformadores. Conf\u00ede su propiedad a nosotros y descubre la tranquilidad de saber que est\u00e1 en impecables condiciones, con un trabajo artesanal que supera las expectativas.\"<\/p><\/div><\/div>\t\t<\/div>\n\t\t\t\t<\/div>\n\t\t\t\t<div class=\"elementor-element elementor-element-004e766 elementor-invisible elementor-widget elementor-widget-button\" data-id=\"004e766\" data-element_type=\"widget\" data-settings=\"{&quot;_animation&quot;:&quot;fadeInDown&quot;}\" data-widget_type=\"button.default\">\n\t\t\t\t<div class=\"elementor-widget-container\">\n\t\t\t\t\t<div class=\"elementor-button-wrapper\">\n\t\t\t<a class=\"elementor-button elementor-button-link elementor-size-sm\" href=\"https:\/\/www.facebook.com\/vgconstructorabcs\">\n\t\t\t\t\t\t<span class=\"elementor-button-content-wrapper\">\n\t\t\t\t\t\t<span class=\"elementor-button-icon elementor-align-icon-right\">\n\t\t\t\t<i aria-hidden=\"true\" class=\"fas fa-arrow-right\"><\/i>\t\t\t<\/span>\n\t\t\t\t\t\t<span class=\"elementor-button-text\">Cont\u00e1ctenos<\/span>\n\t\t<\/span>\n\t\t\t\t\t<\/a>\n\t\t<\/div>\n\t\t\t\t<\/div>\n\t\t\t\t<\/div>\n\t\t\t\t\t<\/div>\n\t\t<\/div>\n\t\t\t\t<div class=\"elementor-column elementor-col-50 elementor-top-column elementor-element elementor-element-354ca86\" data-id=\"354ca86\" data-element_type=\"column\">\n\t\t\t<div class=\"elementor-widget-wrap elementor-element-populated\">\n\t\t\t\t\t\t\t\t<div class=\"elementor-element elementor-element-840603c elementor-invisible elementor-widget elementor-widget-image\" data-id=\"840603c\" data-element_type=\"widget\" data-settings=\"{&quot;_animation&quot;:&quot;fadeInDown&quot;}\" data-widget_type=\"image.default\">\n\t\t\t\t<div class=\"elementor-widget-container\">\n\t\t\t<style>\/*! elementor - v3.16.0 - 17-10-2023 *\/\n.elementor-widget-image{text-align:center}.elementor-widget-image a{display:inline-block}.elementor-widget-image a img[src$=\".svg\"]{width:48px}.elementor-widget-image img{vertical-align:middle;display:inline-block}<\/style>\t\t\t\t\t\t\t\t\t\t\t\t\t<a href=\"https:\/\/www.facebook.com\/vgconstructorabcs\">\n\t\t\t\t\t\t\t<img loading=\"lazy\" decoding=\"async\" width=\"1069\" height=\"830\" src=\"https:\/\/handyman.vgconstructora.com.mx\/wp-content\/uploads\/2023\/11\/LOGO1.png\" class=\"elementor-animation-grow attachment-full size-full wp-image-1860\" alt=\"\" srcset=\"https:\/\/handyman.vgconstructora.com.mx\/wp-content\/uploads\/2023\/11\/LOGO1.png 1069w, https:\/\/handyman.vgconstructora.com.mx\/wp-content\/uploads\/2023\/11\/LOGO1-300x233.png 300w, https:\/\/handyman.vgconstructora.com.mx\/wp-content\/uploads\/2023\/11\/LOGO1-1024x795.png 1024w, https:\/\/handyman.vgconstructora.com.mx\/wp-content\/uploads\/2023\/11\/LOGO1-768x596.png 768w, https:\/\/handyman.vgconstructora.com.mx\/wp-content\/uploads\/2023\/11\/LOGO1-15x12.png 15w\" sizes=\"auto, (max-width: 1069px) 100vw, 1069px\" \/>\t\t\t\t\t\t\t\t<\/a>\n\t\t\t\t\t\t\t\t\t\t\t\t\t\t\t<\/div>\n\t\t\t\t<\/div>\n\t\t\t\t\t<\/div>\n\t\t<\/div>\n\t\t\t\t\t\t\t<\/div>\n\t\t<\/section>\n\t\t\t\t<section class=\"elementor-section elementor-top-section elementor-element elementor-element-eafb22d elementor-section-content-middle elementor-section-boxed elementor-section-height-default elementor-section-height-default\" data-id=\"eafb22d\" data-element_type=\"section\">\n\t\t\t\t\t\t\t<div class=\"elementor-background-overlay\"><\/div>\n\t\t\t\t\t\t\t<div class=\"elementor-container elementor-column-gap-no\">\n\t\t\t\t\t<div class=\"elementor-column elementor-col-50 elementor-top-column elementor-element elementor-element-d87ceee\" data-id=\"d87ceee\" data-element_type=\"column\">\n\t\t\t<div class=\"elementor-widget-wrap elementor-element-populated\">\n\t\t\t\t\t\t\t\t<div class=\"elementor-element elementor-element-ff98009 elementor-invisible elementor-widget elementor-widget-image\" data-id=\"ff98009\" data-element_type=\"widget\" data-settings=\"{&quot;_animation&quot;:&quot;fadeInLeft&quot;}\" data-widget_type=\"image.default\">\n\t\t\t\t<div class=\"elementor-widget-container\">\n\t\t\t\t\t\t\t\t\t\t\t\t\t\t\t<img loading=\"lazy\" decoding=\"async\" width=\"2560\" height=\"1703\" src=\"https:\/\/handyman.vgconstructora.com.mx\/wp-content\/uploads\/2023\/11\/shutterstock_770127769_d12f9500-3ad3-4ad5-a317-de8bac2cf478-scaled.jpg\" class=\"attachment-full size-full wp-image-1891\" alt=\"\" srcset=\"https:\/\/handyman.vgconstructora.com.mx\/wp-content\/uploads\/2023\/11\/shutterstock_770127769_d12f9500-3ad3-4ad5-a317-de8bac2cf478-scaled.jpg 2560w, https:\/\/handyman.vgconstructora.com.mx\/wp-content\/uploads\/2023\/11\/shutterstock_770127769_d12f9500-3ad3-4ad5-a317-de8bac2cf478-300x200.jpg 300w, https:\/\/handyman.vgconstructora.com.mx\/wp-content\/uploads\/2023\/11\/shutterstock_770127769_d12f9500-3ad3-4ad5-a317-de8bac2cf478-1024x681.jpg 1024w, https:\/\/handyman.vgconstructora.com.mx\/wp-content\/uploads\/2023\/11\/shutterstock_770127769_d12f9500-3ad3-4ad5-a317-de8bac2cf478-768x511.jpg 768w, https:\/\/handyman.vgconstructora.com.mx\/wp-content\/uploads\/2023\/11\/shutterstock_770127769_d12f9500-3ad3-4ad5-a317-de8bac2cf478-1536x1022.jpg 1536w, https:\/\/handyman.vgconstructora.com.mx\/wp-content\/uploads\/2023\/11\/shutterstock_770127769_d12f9500-3ad3-4ad5-a317-de8bac2cf478-2048x1362.jpg 2048w, https:\/\/handyman.vgconstructora.com.mx\/wp-content\/uploads\/2023\/11\/shutterstock_770127769_d12f9500-3ad3-4ad5-a317-de8bac2cf478-18x12.jpg 18w\" sizes=\"auto, (max-width: 2560px) 100vw, 2560px\" \/>\t\t\t\t\t\t\t\t\t\t\t\t\t\t\t<\/div>\n\t\t\t\t<\/div>\n\t\t\t\t\t<\/div>\n\t\t<\/div>\n\t\t\t\t<div class=\"elementor-column elementor-col-50 elementor-top-column elementor-element elementor-element-d04299c\" data-id=\"d04299c\" data-element_type=\"column\">\n\t\t\t<div class=\"elementor-widget-wrap elementor-element-populated\">\n\t\t\t\t\t\t\t\t<div class=\"elementor-element elementor-element-b65c239 elementor-invisible elementor-widget elementor-widget-heading\" data-id=\"b65c239\" data-element_type=\"widget\" data-settings=\"{&quot;_animation&quot;:&quot;fadeInRight&quot;}\" data-widget_type=\"heading.default\">\n\t\t\t\t<div class=\"elementor-widget-container\">\n\t\t\t<style>\/*! elementor - v3.16.0 - 17-10-2023 *\/\n.elementor-heading-title{padding:0;margin:0;line-height:1}.elementor-widget-heading .elementor-heading-title[class*=elementor-size-]>a{color:inherit;font-size:inherit;line-height:inherit}.elementor-widget-heading .elementor-heading-title.elementor-size-small{font-size:15px}.elementor-widget-heading .elementor-heading-title.elementor-size-medium{font-size:19px}.elementor-widget-heading .elementor-heading-title.elementor-size-large{font-size:29px}.elementor-widget-heading .elementor-heading-title.elementor-size-xl{font-size:39px}.elementor-widget-heading .elementor-heading-title.elementor-size-xxl{font-size:59px}<\/style><h2 class=\"elementor-heading-title elementor-size-default\">\"Ad\u00e9ntrate en el mundo de la excelencia y la innovaci\u00f3n en la construcci\u00f3n\"<\/h2>\t\t<\/div>\n\t\t\t\t<\/div>\n\t\t\t\t<div class=\"elementor-element elementor-element-bcc296c elementor-widget__width-initial elementor-invisible elementor-widget elementor-widget-text-editor\" data-id=\"bcc296c\" data-element_type=\"widget\" data-settings=\"{&quot;_animation&quot;:&quot;fadeInRight&quot;}\" data-widget_type=\"text-editor.default\">\n\t\t\t\t<div class=\"elementor-widget-container\">\n\t\t\t<style>\/*! elementor - v3.16.0 - 17-10-2023 *\/\n.elementor-widget-text-editor.elementor-drop-cap-view-stacked .elementor-drop-cap{background-color:#69727d;color:#fff}.elementor-widget-text-editor.elementor-drop-cap-view-framed .elementor-drop-cap{color:#69727d;border:3px solid;background-color:transparent}.elementor-widget-text-editor:not(.elementor-drop-cap-view-default) .elementor-drop-cap{margin-top:8px}.elementor-widget-text-editor:not(.elementor-drop-cap-view-default) .elementor-drop-cap-letter{width:1em;height:1em}.elementor-widget-text-editor .elementor-drop-cap{float:left;text-align:center;line-height:1;font-size:50px}.elementor-widget-text-editor .elementor-drop-cap-letter{display:inline-block}<\/style>\t\t\t\t<p><strong>En VG CONSTRUCTORA, no somos s\u00f3lo constructores; Somos visionarios que dise\u00f1amos hoy los horizontes del ma\u00f1ana.\u00a0<\/strong><\/p><p><strong>Desde dise\u00f1os innovadores hasta pr\u00e1cticas de construcci\u00f3n sustentables, estamos comprometidos a remodelar el futuro de la construcci\u00f3n.<\/strong><\/p>\t\t\t\t\t\t<\/div>\n\t\t\t\t<\/div>\n\t\t\t\t<div class=\"elementor-element elementor-element-ea2fd50 elementor-invisible elementor-widget elementor-widget-button\" data-id=\"ea2fd50\" data-element_type=\"widget\" data-settings=\"{&quot;_animation&quot;:&quot;fadeInRight&quot;}\" data-widget_type=\"button.default\">\n\t\t\t\t<div class=\"elementor-widget-container\">\n\t\t\t\t\t<div class=\"elementor-button-wrapper\">\n\t\t\t<a class=\"elementor-button elementor-button-link elementor-size-sm\" href=\"https:\/\/www.facebook.com\/vgconstructorabcs\">\n\t\t\t\t\t\t<span class=\"elementor-button-content-wrapper\">\n\t\t\t\t\t\t<span class=\"elementor-button-icon elementor-align-icon-right\">\n\t\t\t\t<i aria-hidden=\"true\" class=\"fas fa-arrow-right\"><\/i>\t\t\t<\/span>\n\t\t\t\t\t\t<span class=\"elementor-button-text\">Conoce M\u00e1s Sobre Nosotros<\/span>\n\t\t<\/span>\n\t\t\t\t\t<\/a>\n\t\t<\/div>\n\t\t\t\t<\/div>\n\t\t\t\t<\/div>\n\t\t\t\t\t<\/div>\n\t\t<\/div>\n\t\t\t\t\t\t\t<\/div>\n\t\t<\/section>\n\t\t\t\t\t\t\t<\/div>","protected":false},"excerpt":{"rendered":"<p>VG CONSTRUCTORA &#8220;Welcome to the premier construction services in Los Cabos, where excellence, dependability, and tailored expertise converge to elevate your living spaces. Our skilled professionals are poised to address a spectrum of tasks, from essential repairs to transformative building projects. Entrust your property to us and discover the tranquility of knowing it&#8217;s in impeccable &hellip;<\/p>\n<p class=\"read-more\"> <a class=\"\" href=\"https:\/\/handyman.vgconstructora.com.mx\/es\/constructora\"> <span class=\"screen-reader-text\">VG CONSTRUCTORA<\/span> Leer m\u00e1s &raquo;<\/a><\/p>","protected":false},"author":1,"featured_media":0,"parent":0,"menu_order":0,"comment_status":"closed","ping_status":"closed","template":"","meta":{"site-sidebar-layout":"no-sidebar","site-content-layout":"page-builder","ast-site-content-layout":"full-width-container","site-content-style":"unboxed","site-sidebar-style":"unboxed","ast-global-header-display":"","ast-banner-title-visibility":"","ast-main-header-display":"","ast-hfb-above-header-display":"","ast-hfb-below-header-display":"","ast-hfb-mobile-header-display":"","site-post-title":"disabled","ast-breadcrumbs-content":"","ast-featured-img":"disabled","footer-sml-layout":"","theme-transparent-header-meta":"disabled","adv-header-id-meta":"","stick-header-meta":"","header-above-stick-meta":"","header-main-stick-meta":"","header-below-stick-meta":"","astra-migrate-meta-layouts":"set","footnotes":""},"class_list":["post-1849","page","type-page","status-publish","hentry"],"aioseo_notices":[],"_links":{"self":[{"href":"https:\/\/handyman.vgconstructora.com.mx\/es\/wp-json\/wp\/v2\/pages\/1849","targetHints":{"allow":["GET"]}}],"collection":[{"href":"https:\/\/handyman.vgconstructora.com.mx\/es\/wp-json\/wp\/v2\/pages"}],"about":[{"href":"https:\/\/handyman.vgconstructora.com.mx\/es\/wp-json\/wp\/v2\/types\/page"}],"author":[{"embeddable":true,"href":"https:\/\/handyman.vgconstructora.com.mx\/es\/wp-json\/wp\/v2\/users\/1"}],"replies":[{"embeddable":true,"href":"https:\/\/handyman.vgconstructora.com.mx\/es\/wp-json\/wp\/v2\/comments?post=1849"}],"version-history":[{"count":43,"href":"https:\/\/handyman.vgconstructora.com.mx\/es\/wp-json\/wp\/v2\/pages\/1849\/revisions"}],"predecessor-version":[{"id":1906,"href":"https:\/\/handyman.vgconstructora.com.mx\/es\/wp-json\/wp\/v2\/pages\/1849\/revisions\/1906"}],"wp:attachment":[{"href":"https:\/\/handyman.vgconstructora.com.mx\/es\/wp-json\/wp\/v2\/media?parent=1849"}],"curies":[{"name":"wp","href":"https:\/\/api.w.org\/{rel}","templated":true}]}}